{"id":121,"date":"2022-03-04T14:11:59","date_gmt":"2022-03-04T13:11:59","guid":{"rendered":"http:\/\/irislight.irisautomation.dk\/?page_id=121"},"modified":"2022-04-05T14:17:37","modified_gmt":"2022-04-05T13:17:37","slug":"automatisk-laering","status":"publish","type":"page","link":"https:\/\/easyinvoice.dk\/?page_id=121","title":{"rendered":"Smart optimering"},"content":{"rendered":"\t\t<div data-elementor-type=\"wp-page\" data-elementor-id=\"121\" class=\"elementor elementor-121\" data-elementor-settings=\"[]\">\n\t\t\t\t\t\t\t<div class=\"elementor-section-wrap\">\n\t\t\t\t\t\t\t<section class=\"elementor-section elementor-top-section elementor-element elementor-element-4108a0f elementor-section-full_width elementor-section-stretched elementor-section-height-default elementor-section-height-default exad-glass-effect-no exad-sticky-section-no\" data-id=\"4108a0f\" data-element_type=\"section\" data-settings=\"{&quot;stretch_section&quot;:&quot;section-stretched&quot;,&quot;background_background&quot;:&quot;classic&quot;}\">\n\t\t\t\t\t\t<div class=\"elementor-container elementor-column-gap-default\">\n\t\t\t\t\t<div class=\"elementor-column elementor-col-100 elementor-top-column elementor-element elementor-element-5b5b126 exad-glass-effect-no exad-sticky-section-no\" data-id=\"5b5b126\" data-element_type=\"column\">\n\t\t\t<div class=\"elementor-widget-wrap elementor-element-populated\">\n\t\t\t\t\t\t\t\t<div class=\"elementor-element elementor-element-8e80a11 exad-sticky-section-no exad-glass-effect-no elementor-invisible elementor-widget elementor-widget-heading\" data-id=\"8e80a11\" data-element_type=\"widget\" data-settings=\"{&quot;_animation&quot;:&quot;fadeIn&quot;}\" data-widget_type=\"heading.default\">\n\t\t\t\t<div class=\"elementor-widget-container\">\n\t\t\t<style>\/*! elementor - v3.5.6 - 28-02-2022 *\/\n.elementor-heading-title{padding:0;margin:0;line-height:1}.elementor-widget-heading .elementor-heading-title[class*=elementor-size-]>a{color:inherit;font-size:inherit;line-height:inherit}.elementor-widget-heading .elementor-heading-title.elementor-size-small{font-size:15px}.elementor-widget-heading .elementor-heading-title.elementor-size-medium{font-size:19px}.elementor-widget-heading .elementor-heading-title.elementor-size-large{font-size:29px}.elementor-widget-heading .elementor-heading-title.elementor-size-xl{font-size:39px}.elementor-widget-heading .elementor-heading-title.elementor-size-xxl{font-size:59px}<\/style><h2 class=\"elementor-heading-title elementor-size-default\">S\u00e5 nemt l\u00e6rer Easy Invoice af dig ved hj\u00e6lp af kunstig intelligens. <\/h2>\t\t<\/div>\n\t\t\t\t<\/div>\n\t\t\t\t<div class=\"elementor-element elementor-element-b782a87 exad-sticky-section-no exad-glass-effect-no elementor-widget elementor-widget-heading\" data-id=\"b782a87\" data-element_type=\"widget\" data-widget_type=\"heading.default\">\n\t\t\t\t<div class=\"elementor-widget-container\">\n\t\t\t<h2 class=\"elementor-heading-title elementor-size-default\">Easy Invoice l\u00e6rer <span data-elementor-setting-key=\"title\" data-pen-placeholder=\"Type Here...\" style=\"color: var(--sydney-headings-color); overflow-wrap: break-word;\">af sine fejl <\/span>ved hj\u00e6lp af kunstig intelligens. <br>Alt du skal g\u00f8re er at vise hvor de rigtige oplysninger er - det tager kun 5-10 sekunder. <\/h2>\t\t<\/div>\n\t\t\t\t<\/div>\n\t\t\t\t\t<\/div>\n\t\t<\/div>\n\t\t\t\t\t\t\t<\/div>\n\t\t<\/section>\n\t\t\t\t<section class=\"elementor-section elementor-top-section elementor-element elementor-element-3eaec2b elementor-section-full_width elementor-section-stretched elementor-section-height-default elementor-section-height-default exad-glass-effect-no exad-sticky-section-no\" data-id=\"3eaec2b\" data-element_type=\"section\" data-settings=\"{&quot;stretch_section&quot;:&quot;section-stretched&quot;,&quot;background_background&quot;:&quot;classic&quot;}\">\n\t\t\t\t\t\t<div class=\"elementor-container elementor-column-gap-default\">\n\t\t\t\t\t<div class=\"elementor-column elementor-col-100 elementor-top-column elementor-element elementor-element-eabb649 exad-glass-effect-no exad-sticky-section-no\" data-id=\"eabb649\" data-element_type=\"column\">\n\t\t\t<div class=\"elementor-widget-wrap elementor-element-populated\">\n\t\t\t\t\t\t\t\t<div class=\"elementor-element elementor-element-7b0bf00 exad-sticky-section-no exad-glass-effect-no elementor-widget elementor-widget-heading\" data-id=\"7b0bf00\" data-element_type=\"widget\" data-widget_type=\"heading.default\">\n\t\t\t\t<div class=\"elementor-widget-container\">\n\t\t\t<h2 class=\"elementor-heading-title elementor-size-default\">Er din faktura ikke blevet afl\u00e6st korrekt? S\u00e5dan g\u00f8r du med <b>3 nemme steps:<\/b><\/h2>\t\t<\/div>\n\t\t\t\t<\/div>\n\t\t\t\t\t<\/div>\n\t\t<\/div>\n\t\t\t\t\t\t\t<\/div>\n\t\t<\/section>\n\t\t\t\t<section class=\"elementor-section elementor-top-section elementor-element elementor-element-5063ad9 elementor-section-full_width elementor-section-height-min-height elementor-section-stretched elementor-section-height-default elementor-section-items-middle exad-glass-effect-no exad-sticky-section-no\" data-id=\"5063ad9\" data-element_type=\"section\" data-settings=\"{&quot;stretch_section&quot;:&quot;section-stretched&quot;}\">\n\t\t\t\t\t\t<div class=\"elementor-container elementor-column-gap-default\">\n\t\t\t\t\t<div class=\"elementor-column elementor-col-100 elementor-top-column elementor-element elementor-element-5d61e00 exad-glass-effect-no exad-sticky-section-no\" data-id=\"5d61e00\" data-element_type=\"column\">\n\t\t\t<div class=\"elementor-widget-wrap elementor-element-populated\">\n\t\t\t\t\t\t\t\t<section class=\"elementor-section elementor-inner-section elementor-element elementor-element-0da926b elementor-section-boxed elementor-section-height-default elementor-section-height-default exad-glass-effect-no exad-sticky-section-no\" data-id=\"0da926b\" data-element_type=\"section\">\n\t\t\t\t\t\t<div class=\"elementor-container elementor-column-gap-default\">\n\t\t\t\t\t<div class=\"elementor-column elementor-col-33 elementor-inner-column elementor-element elementor-element-917491c exad-glass-effect-no exad-sticky-section-no\" data-id=\"917491c\" data-element_type=\"column\">\n\t\t\t<div class=\"elementor-widget-wrap elementor-element-populated\">\n\t\t\t\t\t\t\t\t<div class=\"elementor-element elementor-element-4dc6322 exad-sticky-section-no exad-glass-effect-no elementor-widget elementor-widget-image\" data-id=\"4dc6322\" data-element_type=\"widget\" data-widget_type=\"image.default\">\n\t\t\t\t<div class=\"elementor-widget-container\">\n\t\t\t<style>\/*! elementor - v3.5.6 - 28-02-2022 *\/\n.elementor-widget-image{text-align:center}.elementor-widget-image a{display:inline-block}.elementor-widget-image a img[src$=\".svg\"]{width:48px}.elementor-widget-image img{vertical-align:middle;display:inline-block}<\/style>\t\t\t\t\t\t\t\t\t\t\t\t<img width=\"927\" height=\"1024\" src=\"https:\/\/easyinvoice.dk\/wp-content\/uploads\/2022\/03\/AutomatiskLaering_step1-927x1024.png\" class=\"attachment-large size-large\" alt=\"\" loading=\"lazy\" srcset=\"https:\/\/easyinvoice.dk\/wp-content\/uploads\/2022\/03\/AutomatiskLaering_step1-927x1024.png 927w, https:\/\/easyinvoice.dk\/wp-content\/uploads\/2022\/03\/AutomatiskLaering_step1-272x300.png 272w, https:\/\/easyinvoice.dk\/wp-content\/uploads\/2022\/03\/AutomatiskLaering_step1-768x848.png 768w, https:\/\/easyinvoice.dk\/wp-content\/uploads\/2022\/03\/AutomatiskLaering_step1-920x1016.png 920w, https:\/\/easyinvoice.dk\/wp-content\/uploads\/2022\/03\/AutomatiskLaering_step1-230x254.png 230w, https:\/\/easyinvoice.dk\/wp-content\/uploads\/2022\/03\/AutomatiskLaering_step1-350x387.png 350w, https:\/\/easyinvoice.dk\/wp-content\/uploads\/2022\/03\/AutomatiskLaering_step1-480x530.png 480w, https:\/\/easyinvoice.dk\/wp-content\/uploads\/2022\/03\/AutomatiskLaering_step1.png 978w\" sizes=\"(max-width: 927px) 100vw, 927px\" \/>\t\t\t\t\t\t\t\t\t\t\t\t\t\t\t<\/div>\n\t\t\t\t<\/div>\n\t\t\t\t<div class=\"elementor-element elementor-element-19f29ec exad-sticky-section-no exad-glass-effect-no elementor-widget elementor-widget-text-editor\" data-id=\"19f29ec\" data-element_type=\"widget\" data-widget_type=\"text-editor.default\">\n\t\t\t\t<div class=\"elementor-widget-container\">\n\t\t\t<style>\/*! elementor - v3.5.6 - 28-02-2022 *\/\n.elementor-widget-text-editor.elementor-drop-cap-view-stacked .elementor-drop-cap{background-color:#818a91;color:#fff}.elementor-widget-text-editor.elementor-drop-cap-view-framed .elementor-drop-cap{color:#818a91;border:3px solid;background-color:transparent}.elementor-widget-text-editor:not(.elementor-drop-cap-view-default) .elementor-drop-cap{margin-top:8px}.elementor-widget-text-editor:not(.elementor-drop-cap-view-default) .elementor-drop-cap-letter{width:1em;height:1em}.elementor-widget-text-editor .elementor-drop-cap{float:left;text-align:center;line-height:1;font-size:50px}.elementor-widget-text-editor .elementor-drop-cap-letter{display:inline-block}<\/style>\t\t\t\t<p><strong><span style=\"font-family: 'Fira Sans';\">1. KLIK P\u00c5 &#8220;OPTIMER&#8221;<\/span><\/strong><\/p><p><em style=\"font-size: 13.333333015441895px;\">Nu kan du se felterne i systemet.<\/em><strong><span style=\"font-family: 'Fira Sans';\"><br \/><\/span><\/strong><\/p>\t\t\t\t\t\t<\/div>\n\t\t\t\t<\/div>\n\t\t\t\t\t<\/div>\n\t\t<\/div>\n\t\t\t\t<div class=\"elementor-column elementor-col-33 elementor-inner-column elementor-element elementor-element-4554298 exad-glass-effect-no exad-sticky-section-no\" data-id=\"4554298\" data-element_type=\"column\" data-settings=\"{&quot;background_background&quot;:&quot;classic&quot;}\">\n\t\t\t<div class=\"elementor-widget-wrap elementor-element-populated\">\n\t\t\t\t\t\t\t\t<div class=\"elementor-element elementor-element-d4b3a3d elementor-aspect-ratio-169 exad-sticky-section-no exad-glass-effect-no elementor-widget elementor-widget-video\" data-id=\"d4b3a3d\" data-element_type=\"widget\" data-settings=\"{&quot;video_type&quot;:&quot;hosted&quot;,&quot;autoplay&quot;:&quot;yes&quot;,&quot;play_on_mobile&quot;:&quot;yes&quot;,&quot;mute&quot;:&quot;yes&quot;,&quot;loop&quot;:&quot;yes&quot;,&quot;aspect_ratio&quot;:&quot;169&quot;}\" data-widget_type=\"video.default\">\n\t\t\t\t<div class=\"elementor-widget-container\">\n\t\t\t<style>\/*! elementor - v3.5.6 - 28-02-2022 *\/\n.elementor-widget-video .elementor-widget-container{overflow:hidden;-webkit-transform:translateZ(0);transform:translateZ(0)}.elementor-widget-video .elementor-open-inline .elementor-custom-embed-image-overlay{position:absolute;top:0;left:0;width:100%;height:100%;-webkit-background-size:cover;background-size:cover;background-position:50%}.elementor-widget-video .elementor-custom-embed-image-overlay{cursor:pointer;text-align:center}.elementor-widget-video .elementor-custom-embed-image-overlay:hover .elementor-custom-embed-play i{opacity:1}.elementor-widget-video .elementor-custom-embed-image-overlay img{display:block;width:100%}.elementor-widget-video .e-hosted-video .elementor-video{-o-object-fit:cover;object-fit:cover}<\/style>\t\t<div class=\"e-hosted-video elementor-wrapper elementor-fit-aspect-ratio elementor-open-inline\">\n\t\t\t\t\t<video class=\"elementor-video\" src=\"https:\/\/easyinvoice.dk\/wp-content\/uploads\/2022\/03\/AI_step2.mp4\" autoplay=\"\" loop=\"\" muted=\"muted\" playsinline=\"\" controlsList=\"nodownload\"><\/video>\n\t\t\t\t<\/div>\n\t\t\t\t<\/div>\n\t\t\t\t<\/div>\n\t\t\t\t<div class=\"elementor-element elementor-element-40ad4a3 exad-sticky-section-no exad-glass-effect-no elementor-widget elementor-widget-text-editor\" data-id=\"40ad4a3\" data-element_type=\"widget\" data-widget_type=\"text-editor.default\">\n\t\t\t\t<div class=\"elementor-widget-container\">\n\t\t\t\t\t\t\t<p><strong><span style=\"font-family: 'Fira Sans';\">2. KLIK P\u00c5 DEN INFO, DER SKAL AFL\u00c6SES P\u00c5 FAKTURAEN OG PEG P\u00c5 DET RIGTIGE FELT I SYSTEMET.\u00a0<\/span><\/strong><\/p><p><span style=\"font-size: small;\"><i>Ved hj\u00e6lp af den kunstige intelligens, kan Easy Invoice l\u00e6re af din rettelse til senere fakturaer.<\/i><\/span><\/p>\t\t\t\t\t\t<\/div>\n\t\t\t\t<\/div>\n\t\t\t\t\t<\/div>\n\t\t<\/div>\n\t\t\t\t<div class=\"elementor-column elementor-col-33 elementor-inner-column elementor-element elementor-element-780078e exad-glass-effect-no exad-sticky-section-no\" data-id=\"780078e\" data-element_type=\"column\" data-settings=\"{&quot;background_background&quot;:&quot;classic&quot;}\">\n\t\t\t<div class=\"elementor-widget-wrap elementor-element-populated\">\n\t\t\t\t\t\t\t\t<div class=\"elementor-element elementor-element-237d5f9 exad-sticky-section-no exad-glass-effect-no elementor-widget elementor-widget-image\" data-id=\"237d5f9\" data-element_type=\"widget\" data-widget_type=\"image.default\">\n\t\t\t\t<div class=\"elementor-widget-container\">\n\t\t\t\t\t\t\t\t\t\t\t\t\t\t\t<img width=\"978\" height=\"805\" src=\"https:\/\/easyinvoice.dk\/wp-content\/uploads\/2022\/03\/AutomatiskLaering_step3.png\" class=\"attachment-large size-large\" alt=\"\" loading=\"lazy\" srcset=\"https:\/\/easyinvoice.dk\/wp-content\/uploads\/2022\/03\/AutomatiskLaering_step3.png 978w, https:\/\/easyinvoice.dk\/wp-content\/uploads\/2022\/03\/AutomatiskLaering_step3-300x247.png 300w, https:\/\/easyinvoice.dk\/wp-content\/uploads\/2022\/03\/AutomatiskLaering_step3-768x632.png 768w, https:\/\/easyinvoice.dk\/wp-content\/uploads\/2022\/03\/AutomatiskLaering_step3-920x757.png 920w, https:\/\/easyinvoice.dk\/wp-content\/uploads\/2022\/03\/AutomatiskLaering_step3-230x189.png 230w, https:\/\/easyinvoice.dk\/wp-content\/uploads\/2022\/03\/AutomatiskLaering_step3-350x288.png 350w, https:\/\/easyinvoice.dk\/wp-content\/uploads\/2022\/03\/AutomatiskLaering_step3-480x395.png 480w\" sizes=\"(max-width: 978px) 100vw, 978px\" \/>\t\t\t\t\t\t\t\t\t\t\t\t\t\t\t<\/div>\n\t\t\t\t<\/div>\n\t\t\t\t<div class=\"elementor-element elementor-element-04ba4c5 exad-sticky-section-no exad-glass-effect-no elementor-widget elementor-widget-text-editor\" data-id=\"04ba4c5\" data-element_type=\"widget\" data-widget_type=\"text-editor.default\">\n\t\t\t\t<div class=\"elementor-widget-container\">\n\t\t\t\t\t\t\t<p><strong><span style=\"font-family: 'Fira Sans';\">3. KLIK P\u00c5 &#8220;SUBMIT&#8221; OG DU ER NU F\u00c6RDIG.<\/span><\/strong><\/p><p><em><span style=\"font-size: 10pt;\">Nu l\u00e6rer Easy Invoice den nye faktura eller rettelsen at kende.<\/span><\/em><strong><span style=\"font-family: 'Fira Sans';\"><br \/><\/span><\/strong><\/p>\t\t\t\t\t\t<\/div>\n\t\t\t\t<\/div>\n\t\t\t\t\t<\/div>\n\t\t<\/div>\n\t\t\t\t\t\t\t<\/div>\n\t\t<\/section>\n\t\t\t\t\t<\/div>\n\t\t<\/div>\n\t\t\t\t\t\t\t<\/div>\n\t\t<\/section>\n\t\t\t\t<section class=\"elementor-section elementor-top-section elementor-element elementor-element-bf2b98f elementor-section-stretched elementor-section-boxed elementor-section-height-default elementor-section-height-default exad-glass-effect-no exad-sticky-section-no\" data-id=\"bf2b98f\" data-element_type=\"section\" data-settings=\"{&quot;stretch_section&quot;:&quot;section-stretched&quot;,&quot;background_background&quot;:&quot;classic&quot;}\">\n\t\t\t\t\t\t<div class=\"elementor-container elementor-column-gap-default\">\n\t\t\t\t\t<div class=\"elementor-column elementor-col-50 elementor-top-column elementor-element elementor-element-b112bc7 exad-glass-effect-no exad-sticky-section-no\" data-id=\"b112bc7\" data-element_type=\"column\">\n\t\t\t<div class=\"elementor-widget-wrap elementor-element-populated\">\n\t\t\t\t\t\t\t\t<div class=\"elementor-element elementor-element-791674f exad-sticky-section-no exad-glass-effect-no elementor-invisible elementor-widget elementor-widget-heading\" data-id=\"791674f\" data-element_type=\"widget\" data-settings=\"{&quot;_animation&quot;:&quot;fadeIn&quot;}\" data-widget_type=\"heading.default\">\n\t\t\t\t<div class=\"elementor-widget-container\">\n\t\t\t<h2 class=\"elementor-heading-title elementor-size-default\">Hvad er kunstig intelligens egentlig?<\/h2>\t\t<\/div>\n\t\t\t\t<\/div>\n\t\t\t\t\t<\/div>\n\t\t<\/div>\n\t\t\t\t<div class=\"elementor-column elementor-col-50 elementor-top-column elementor-element elementor-element-d3b62c2 exad-glass-effect-no exad-sticky-section-no\" data-id=\"d3b62c2\" data-element_type=\"column\">\n\t\t\t<div class=\"elementor-widget-wrap elementor-element-populated\">\n\t\t\t\t\t\t\t\t<div class=\"elementor-element elementor-element-d9ee6b0 exad-sticky-section-no exad-glass-effect-no elementor-widget elementor-widget-text-editor\" data-id=\"d9ee6b0\" data-element_type=\"widget\" data-widget_type=\"text-editor.default\">\n\t\t\t\t<div class=\"elementor-widget-container\">\n\t\t\t\t\t\t\t<p><em><span style=\"font-size: 14pt;\">Kunstig intelligens er en form for maskine, der kan l\u00e6re, overveje og tage beslutninger p\u00e5 samme m\u00e5de som et menneske kan. Jo flere eksempler eller rettelser maskinen f\u00e5r, jo mere l\u00e6rer den.<\/span><\/em><\/p><p><em><span style=\"font-size: 14pt;\">Kunstig intelligens er ogs\u00e5 kaldet AI <strong>&#8220;Artificial Intelligence&#8221;<\/strong>.<\/span><\/em><\/p>\t\t\t\t\t\t<\/div>\n\t\t\t\t<\/div>\n\t\t\t\t\t<\/div>\n\t\t<\/div>\n\t\t\t\t\t\t\t<\/div>\n\t\t<\/section>\n\t\t\t\t\t\t<\/div>\n\t\t\t\t\t<\/div>\n\t\t","protected":false},"excerpt":{"rendered":"<p>S\u00e5 nemt l\u00e6rer Easy Invoice af dig ved hj\u00e6lp af kunstig intelligens. [&hellip;]<\/p>\n","protected":false},"author":2,"featured_media":0,"parent":0,"menu_order":0,"comment_status":"closed","ping_status":"closed","template":"elementor_header_footer","meta":[],"_links":{"self":[{"href":"https:\/\/easyinvoice.dk\/index.php?rest_route=\/wp\/v2\/pages\/121"}],"collection":[{"href":"https:\/\/easyinvoice.dk\/index.php?rest_route=\/wp\/v2\/pages"}],"about":[{"href":"https:\/\/easyinvoice.dk\/index.php?rest_route=\/wp\/v2\/types\/page"}],"author":[{"embeddable":true,"href":"https:\/\/easyinvoice.dk\/index.php?rest_route=\/wp\/v2\/users\/2"}],"replies":[{"embeddable":true,"href":"https:\/\/easyinvoice.dk\/index.php?rest_route=%2Fwp%2Fv2%2Fcomments&post=121"}],"version-history":[{"count":223,"href":"https:\/\/easyinvoice.dk\/index.php?rest_route=\/wp\/v2\/pages\/121\/revisions"}],"predecessor-version":[{"id":1790,"href":"https:\/\/easyinvoice.dk\/index.php?rest_route=\/wp\/v2\/pages\/121\/revisions\/1790"}],"wp:attachment":[{"href":"https:\/\/easyinvoice.dk\/index.php?rest_route=%2Fwp%2Fv2%2Fmedia&parent=121"}],"curies":[{"name":"wp","href":"https:\/\/api.w.org\/{rel}","templated":true}]}}