{"id":2045,"date":"2022-04-08T12:53:34","date_gmt":"2022-04-08T11:53:34","guid":{"rendered":"https:\/\/easyinvoice.dk\/?page_id=2045"},"modified":"2022-04-08T12:55:44","modified_gmt":"2022-04-08T11:55:44","slug":"privatlivspolitik","status":"publish","type":"page","link":"https:\/\/easyinvoice.dk\/?page_id=2045","title":{"rendered":"Privatlivspolitik"},"content":{"rendered":"\t\t<div data-elementor-type=\"wp-page\" data-elementor-id=\"2045\" class=\"elementor elementor-2045\" data-elementor-settings=\"[]\">\n\t\t\t\t\t\t\t<div class=\"elementor-section-wrap\">\n\t\t\t\t\t\t\t<section class=\"elementor-section elementor-top-section elementor-element elementor-element-f1196a0 elementor-section-boxed elementor-section-height-default elementor-section-height-default exad-glass-effect-no exad-sticky-section-no\" data-id=\"f1196a0\" data-element_type=\"section\">\n\t\t\t\t\t\t<div class=\"elementor-container elementor-column-gap-default\">\n\t\t\t\t\t<div class=\"elementor-column elementor-col-100 elementor-top-column elementor-element elementor-element-bfd3205 exad-glass-effect-no exad-sticky-section-no\" data-id=\"bfd3205\" data-element_type=\"column\">\n\t\t\t<div class=\"elementor-widget-wrap elementor-element-populated\">\n\t\t\t\t\t\t\t\t<div class=\"elementor-element elementor-element-cf6d8ee exad-sticky-section-no exad-glass-effect-no elementor-widget elementor-widget-heading\" data-id=\"cf6d8ee\" data-element_type=\"widget\" data-widget_type=\"heading.default\">\n\t\t\t\t<div class=\"elementor-widget-container\">\n\t\t\t<style>\/*! elementor - v3.5.6 - 28-02-2022 *\/\n.elementor-heading-title{padding:0;margin:0;line-height:1}.elementor-widget-heading .elementor-heading-title[class*=elementor-size-]>a{color:inherit;font-size:inherit;line-height:inherit}.elementor-widget-heading .elementor-heading-title.elementor-size-small{font-size:15px}.elementor-widget-heading .elementor-heading-title.elementor-size-medium{font-size:19px}.elementor-widget-heading .elementor-heading-title.elementor-size-large{font-size:29px}.elementor-widget-heading .elementor-heading-title.elementor-size-xl{font-size:39px}.elementor-widget-heading .elementor-heading-title.elementor-size-xxl{font-size:59px}<\/style><h2 class=\"elementor-heading-title elementor-size-default\">Privatlivspolitik<\/h2>\t\t<\/div>\n\t\t\t\t<\/div>\n\t\t\t\t\t<\/div>\n\t\t<\/div>\n\t\t\t\t\t\t\t<\/div>\n\t\t<\/section>\n\t\t\t\t<section class=\"elementor-section elementor-top-section elementor-element elementor-element-fa42f4f elementor-section-boxed elementor-section-height-default elementor-section-height-default exad-glass-effect-no exad-sticky-section-no\" data-id=\"fa42f4f\" data-element_type=\"section\">\n\t\t\t\t\t\t<div class=\"elementor-container elementor-column-gap-default\">\n\t\t\t\t\t<div class=\"elementor-column elementor-col-100 elementor-top-column elementor-element elementor-element-2ccf145 exad-glass-effect-no exad-sticky-section-no\" data-id=\"2ccf145\" data-element_type=\"column\">\n\t\t\t<div class=\"elementor-widget-wrap elementor-element-populated\">\n\t\t\t\t\t\t\t\t<div class=\"elementor-element elementor-element-2278f2d exad-sticky-section-no exad-glass-effect-no elementor-widget elementor-widget-text-editor\" data-id=\"2278f2d\" data-element_type=\"widget\" data-widget_type=\"text-editor.default\">\n\t\t\t\t<div class=\"elementor-widget-container\">\n\t\t\t<style>\/*! elementor - v3.5.6 - 28-02-2022 *\/\n.elementor-widget-text-editor.elementor-drop-cap-view-stacked .elementor-drop-cap{background-color:#818a91;color:#fff}.elementor-widget-text-editor.elementor-drop-cap-view-framed .elementor-drop-cap{color:#818a91;border:3px solid;background-color:transparent}.elementor-widget-text-editor:not(.elementor-drop-cap-view-default) .elementor-drop-cap{margin-top:8px}.elementor-widget-text-editor:not(.elementor-drop-cap-view-default) .elementor-drop-cap-letter{width:1em;height:1em}.elementor-widget-text-editor .elementor-drop-cap{float:left;text-align:center;line-height:1;font-size:50px}.elementor-widget-text-editor .elementor-drop-cap-letter{display:inline-block}<\/style>\t\t\t\tDet skal du vide om vores behandling af dine personoplysninger:\t\t\t\t\t\t<\/div>\n\t\t\t\t<\/div>\n\t\t\t\t\t<\/div>\n\t\t<\/div>\n\t\t\t\t\t\t\t<\/div>\n\t\t<\/section>\n\t\t\t\t<section class=\"elementor-section elementor-top-section elementor-element elementor-element-937936f elementor-section-boxed elementor-section-height-default elementor-section-height-default exad-glass-effect-no exad-sticky-section-no\" data-id=\"937936f\" data-element_type=\"section\">\n\t\t\t\t\t\t<div class=\"elementor-container elementor-column-gap-default\">\n\t\t\t\t\t<div class=\"elementor-column elementor-col-100 elementor-top-column elementor-element elementor-element-987dadb exad-glass-effect-no exad-sticky-section-no\" data-id=\"987dadb\" data-element_type=\"column\">\n\t\t\t<div class=\"elementor-widget-wrap elementor-element-populated\">\n\t\t\t\t\t\t\t\t<div class=\"elementor-element elementor-element-072bc8e exad-sticky-section-no exad-glass-effect-no elementor-widget elementor-widget-text-editor\" data-id=\"072bc8e\" data-element_type=\"widget\" data-widget_type=\"text-editor.default\">\n\t\t\t\t<div class=\"elementor-widget-container\">\n\t\t\t\t\t\t\t<ul type=\"disc\"><li class=\"x_MsoNormal\"><b>At<\/b>\u00a0IRIS ENTERPRISE SOLUTIONS A\/S er ansvarlig for behandlingen af de personoplysninger, som vi modtager fra dig.<\/li><li class=\"x_MsoNormal\"><b>At<\/b>\u00a0du er velkommen til at kontakte Ole Schneider \u2013 Telefon: 40269075 \u2013 Mail: os@irises.eu.<\/li><li class=\"x_MsoNormal\"><b>At\u00a0<\/b>form\u00e5let med behandling af dine personoplysninger er, at levere vores varer eller tjenesteydelser til dig og din virksomhed, samt holde dig orienteret om nyheder, funktioner og produktmuligheder, jf. databeskyttelsesforordningen artikel 5 stk. 1 b.<\/li><li class=\"x_MsoNormal\"><b>At<\/b>\u00a0retsgrundlaget (hjemlen) for at vi behandler dine personoplysninger er dit samtykke jf. databeskyttelsesforordningen\u00a0artikel 6 stk. 1 a, og\/eller den indg\u00e5ede aftale\/kontrakt\/bestilling jf.\u00a0databeskyttelsesforordningen\u00a0artikel 6 stk. 1 b, og\/eller\u00a0lovgivning\u00a0 jf. databeskyttelsesforordningen\u00a0artikel 6 stk. 1 c, og\/eller for at\u00a0den dataansvarlige, eller en tredjemand, kan forf\u00f8lge en legitim interesse, (medmindre den registreredes interesser eller grundl\u00e6ggende rettigheder og frihedsrettigheder, der kr\u00e6ver beskyttelse af personoplysninger, g\u00e5r forud herfor, navnlig hvis den registrerede er et barn)\u00a0 jf. databeskyttelsesforordningen\u00a0artikel\u00a06 stk. 1 f. De legitime interesser, der begrunder behandlingen er\u00a0markedsf\u00f8ring af nye ydelser\/produkter.<\/li><li class=\"x_MsoNormal\"><b>At<\/b>\u00a0personkategorien af de oplysninger vi gemmer, er almindelige (f. eks. navn, adresse), fortrolige (f. eks. cpr.nummer) og\/eller f\u00f8lsomme\/s\u00e6rlige personoplysninger (f. eks. helbredsoplysninger).<\/li><li class=\"x_MsoNormal\"><b>At<\/b>\u00a0vi videregiver eller overlader dine personoplysninger til eksterne modtagere, herunder vores databehandlere, r\u00e5dgivere og til de for opgaven eventuelt n\u00f8dvendige samarbejdspartnere.\u00a0<\/li><li class=\"x_MsoNormal\"><b>At<\/b>\u00a0nogle af vores databehandlere er beliggende udenfor EU\/E\u00d8S. Alle vores databehandlere er godkendte i overensstemmelse med\u00a0EU-kommissionens og\u00a0databeskyttelsesforordningens krav, hvilket vi p\u00e5 opfordring gerne dokumenterer.<\/li><li class=\"x_MsoNormal\"><b>At<\/b>\u00a0vi har modtaget personoplysningerne fra dig selv og eventuelt fra offentligt tilg\u00e6ngelige kilder.<\/li><li class=\"x_MsoNormal\"><b>At<\/b>\u00a0vi opbevarer dine personoplysninger s\u00e5 l\u00e6nge, som det er lovligt i forhold til bogf\u00f8ringsloven, samtykkereglerne, for\u00e6ldelsesreglerne og\/eller anden lovgivning.<\/li><li class=\"x_MsoNormal\"><b>At\u00a0<\/b>vi ikke anvender personprofilering til at tr\u00e6ffe automatiske afg\u00f8relser, der i v\u00e6sentlig grad kan p\u00e5virke personens rettigheder og frihedsrettigheder.<\/li><\/ul><p class=\"x_MsoNormal\">Du har efter databeskyttelsesforordningen en r\u00e6kke rettigheder i forhold til vores behandling af dine personoplysninger. Hvis du vil g\u00f8re brug af dine rettigheder, skal du kontakte os.<\/p><ul type=\"disc\"><li class=\"x_MsoNormal\"><b>Du har ret til indsigt og berigtigelse<\/b>, dvs. du kan n\u00e5r som helst se alle dine indtastede data p\u00e5 vores platform og berigtige\/opdatere oplysningerne.<\/li><li class=\"x_MsoNormal\"><b>Du har ret til at anmode om sletning<\/b>, dvs. du kan f\u00e5 dine personoplysninger slettet, medmindre vi af regnskabsm\u00e6ssige eller juridiske \u00e5rsager sk\u00f8nner, at det er n\u00f8dvendigt at beholde dem i en l\u00e6ngere periode. Oplysningerne slettes senest, n\u00e5r eventuelle formueretlige krav er for\u00e6ldet.<\/li><li class=\"x_MsoNormal\"><b>Du har ret til begr\u00e6nsning af behandling,<\/b>\u00a0dvs. du kan styre eventuel begr\u00e6nsning af behandlingen.<\/li><li class=\"x_MsoNormal\"><b>Du har ret til indsigelse<\/b>, dvs. du har i visse tilf\u00e6lde ret til at g\u00f8re indsigelse mod vores ellers lovlige behandling af dine personoplysninger.<\/li><li class=\"x_MsoNormal\"><b>Du har ret til at f\u00e5\u00a0overf\u00f8rt oplysninger<\/b>\u00a0(dataportabilitet). Det betyder, at du til enhver tid kan hente eller f\u00e5 tilsendt oplysningerne.<\/li><\/ul><ul type=\"disc\"><li class=\"x_MsoNormal\">Du kan l\u00e6se mere om dine rettigheder i Datatilsynets vejledning om de registreredes rettigheder, som du finder p\u00e5 www.datatilsynet.dk.<\/li><li class=\"x_MsoNormal\"><b>Klage til Datatilsynet.\u00a0<\/b>Hvis du \u00f8nsker at klage, vil vi selvf\u00f8lgelig v\u00e6re glade for at blive orienteret, og g\u00f8re hvad vi kan for at g\u00f8re dig tilfreds, men du er altid berettiget til at klage direkte til Datatilsynet, Borgergade 28, 5, 1300 K\u00f8benhavn K. Tlf. 3319 3200 eller e-mail dt@datatilsynet.dk, se evt. mere p\u00e5 www.datatilsynet.dk.<\/li><\/ul>\t\t\t\t\t\t<\/div>\n\t\t\t\t<\/div>\n\t\t\t\t\t<\/div>\n\t\t<\/div>\n\t\t\t\t\t\t\t<\/div>\n\t\t<\/section>\n\t\t\t\t\t\t<\/div>\n\t\t\t\t\t<\/div>\n\t\t","protected":false},"excerpt":{"rendered":"<p>Privatlivspolitik Det skal du vide om vores behandling af dine personoplysninger: At\u00a0IRIS [&hellip;]<\/p>\n","protected":false},"author":2,"featured_media":0,"parent":0,"menu_order":0,"comment_status":"closed","ping_status":"closed","template":"elementor_header_footer","meta":[],"_links":{"self":[{"href":"https:\/\/easyinvoice.dk\/index.php?rest_route=\/wp\/v2\/pages\/2045"}],"collection":[{"href":"https:\/\/easyinvoice.dk\/index.php?rest_route=\/wp\/v2\/pages"}],"about":[{"href":"https:\/\/easyinvoice.dk\/index.php?rest_route=\/wp\/v2\/types\/page"}],"author":[{"embeddable":true,"href":"https:\/\/easyinvoice.dk\/index.php?rest_route=\/wp\/v2\/users\/2"}],"replies":[{"embeddable":true,"href":"https:\/\/easyinvoice.dk\/index.php?rest_route=%2Fwp%2Fv2%2Fcomments&post=2045"}],"version-history":[{"count":7,"href":"https:\/\/easyinvoice.dk\/index.php?rest_route=\/wp\/v2\/pages\/2045\/revisions"}],"predecessor-version":[{"id":2052,"href":"https:\/\/easyinvoice.dk\/index.php?rest_route=\/wp\/v2\/pages\/2045\/revisions\/2052"}],"wp:attachment":[{"href":"https:\/\/easyinvoice.dk\/index.php?rest_route=%2Fwp%2Fv2%2Fmedia&parent=2045"}],"curies":[{"name":"wp","href":"https:\/\/api.w.org\/{rel}","templated":true}]}}